{"id":19,"date":"2024-09-06T12:07:56","date_gmt":"2024-09-06T09:07:56","guid":{"rendered":"https:\/\/eskokytomaki.wordpress.com\/about-2\/"},"modified":"2026-01-13T11:31:47","modified_gmt":"2026-01-13T11:31:47","slug":"about-2","status":"publish","type":"page","link":"https:\/\/www.eskokytomaki.fi\/?page_id=19","title":{"rendered":"Tietoa"},"content":{"rendered":"\n<div class=\"wp-block-group is-content-justification-center\" style=\"margin-top:0;margin-bottom:0;padding-top:calc( 0.5 * var(--wp--style--root--padding-right, var(--wp--custom--gap--horizontal)));padding-right:var(--wp--style--root--padding-right, var(--wp--custom--gap--horizontal));padding-bottom:calc( 0.5 * var(--wp--style--root--padding-right, var(--wp--custom--gap--horizontal)));padding-left:var(--wp--style--root--padding-left, var(--wp--custom--gap--horizontal))\"><div class=\"wp-block-group__inner-container is-layout-constrained wp-container-core-group-is-layout-b073b61b wp-block-group-is-layout-constrained\">\n<div style=\"height:calc( 0.25 * var(--wp--style--root--padding-right, var(--wp--custom--gap--horizontal)))\" aria-hidden=\"true\" class=\"wp-block-spacer\"><\/div>\n\n\n\n<div class=\"wp-block-columns alignwide is-layout-flex wp-container-core-columns-is-layout-9d6595d7 wp-block-columns-is-layout-flex\">\n<div class=\"wp-block-column is-layout-flow wp-block-column-is-layout-flow\">\n<p><\/p>\n\n\n\n<figure class=\"wp-block-image size-full is-resized is-style-rounded\"><img loading=\"lazy\" decoding=\"async\" width=\"1365\" height=\"2048\" src=\"http:\/\/www.eskokytomaki.fi\/wp-content\/uploads\/2024\/09\/dscf3059.jpg\" alt=\"\" class=\"wp-image-36\" style=\"aspect-ratio:0.75;object-fit:cover;width:379px;height:auto\" srcset=\"https:\/\/www.eskokytomaki.fi\/wp-content\/uploads\/2024\/09\/dscf3059.jpg 1365w, https:\/\/www.eskokytomaki.fi\/wp-content\/uploads\/2024\/09\/dscf3059-200x300.jpg 200w, https:\/\/www.eskokytomaki.fi\/wp-content\/uploads\/2024\/09\/dscf3059-683x1024.jpg 683w, https:\/\/www.eskokytomaki.fi\/wp-content\/uploads\/2024\/09\/dscf3059-768x1152.jpg 768w, https:\/\/www.eskokytomaki.fi\/wp-content\/uploads\/2024\/09\/dscf3059-1024x1536.jpg 1024w\" sizes=\"auto, (max-width: 1365px) 100vw, 1365px\" \/><figcaption class=\"wp-element-caption\">Esko Kyt\u00f6m\u00e4ki, Future SM-ralli Lahti 2024.<\/figcaption><\/figure>\n<\/div>\n\n\n\n<div class=\"wp-block-column is-layout-flow wp-block-column-is-layout-flow\">\n<h3 class=\"wp-block-heading has-medium-font-size\"><mark style=\"background-color:rgba(0, 0, 0, 0)\" class=\"has-inline-color has-vivid-cyan-blue-color\">Tarina<\/mark><\/h3>\n\n\n\n<p><mark style=\"background-color:rgba(0, 0, 0, 0);color:#d2cdcd\" class=\"has-inline-color\">Ajamme kilpaa rallissa ja rallisprintiss\u00e4. Ensimetrit Esko on kurvaillut takavetoisella Ford Sierralla jo yhdeks\u00e4n vuotiaana. Esko Kyt\u00f6m\u00e4ki ja Niilo Ahonen ovat olleet mukana rallin Nuorten SM-sarjassa kausilla 2021, 2022 ja 2023. Kaudella 2023 Esko ja Niilo voittivat rallin nuorten Suomen Mestaruuden.&nbsp;Kaudella 2024 Esko ja Niilo siirtyiv\u00e4t yleisen SM4 luokan puolelle taistelemaan nuottiluokan SM-mitaleista. Vuonna 2025 debytoimme Ford Fiesta Rally4- autolla SM3-luokassa Savonlinnan SM-rallissa. Sijoituimme kisassa heti kolmanneksi. Pyrimme l\u00f6yt\u00e4m\u00e4\u00e4n rahoitusta my\u00f6s tuleviin kisoihin.<\/mark><\/p>\n\n\n\n<p><mark style=\"background-color:rgba(0, 0, 0, 0);color:#d2cdcd\" class=\"has-inline-color\">Pitk\u00e4n t\u00e4ht\u00e4imen tavoitteena on jopa tie rallin maailman huipulle. Tie on pitk\u00e4 ja jalat maassa l\u00e4hdet\u00e4\u00e4n tekem\u00e4\u00e4n kovaa pitk\u00e4j\u00e4nteist\u00e4 ty\u00f6t\u00e4 itselle t\u00e4rke\u00e4n asian eteen. Toivotaan menestyst\u00e4 tuleviin koitoksiin! Iso kiitos yhteisty\u00f6kumppaneillemme, joiden ansiosta olemme saaneet ajaa paljon ja sit\u00e4 kautta saaneet eritt\u00e4in arvokasta kokemusta.<\/mark><\/p>\n\n\n\n<p><strong><mark style=\"background-color:rgba(0, 0, 0, 0);color:#d2cdcd\" class=\"has-inline-color\">Eskon Ewrc-profiili:<\/mark><\/strong><\/p>\n\n\n\n<p><a href=\"https:\/\/www.ewrc-results.com\/profile\/265333-esko-kytomaki\/\">https:\/\/www.ewrc-results.com\/profile\/265333-esko-kytomaki\/<\/a><\/p>\n\n\n\n<div style=\"height:calc( 0.25 * var(--wp--style--root--padding-right, var(--wp--custom--gap--horizontal)))\" aria-hidden=\"true\" class=\"wp-block-spacer\"><\/div>\n<\/div>\n<\/div>\n<\/div><\/div>\n\n\n\n<div class=\"wp-block-group is-content-justification-center\" style=\"margin-top:0;margin-bottom:0;padding-top:calc( 0.5 * var(--wp--style--root--padding-right, var(--wp--custom--gap--horizontal)));padding-right:var(--wp--style--root--padding-right, var(--wp--custom--gap--horizontal));padding-bottom:calc( 0.5 * var(--wp--style--root--padding-right, var(--wp--custom--gap--horizontal)));padding-left:var(--wp--style--root--padding-left, var(--wp--custom--gap--horizontal))\"><div class=\"wp-block-group__inner-container is-layout-constrained wp-container-core-group-is-layout-b073b61b wp-block-group-is-layout-constrained\">\n<h2 class=\"wp-block-heading\"><mark style=\"background-color:rgba(0, 0, 0, 0)\" class=\"has-inline-color has-vivid-cyan-blue-color\">Kartanlukija Niilo Ahonen<\/mark><\/h2>\n\n\n\n<div class=\"wp-block-columns alignwide are-vertically-aligned-center is-layout-flex wp-container-core-columns-is-layout-1a7dd963 wp-block-columns-is-layout-flex\">\n<div class=\"wp-block-column is-vertically-aligned-center is-layout-flow wp-block-column-is-layout-flow\"><div class=\"wp-block-image is-style-rounded\">\n<figure class=\"aligncenter size-large is-resized\"><img loading=\"lazy\" decoding=\"async\" width=\"683\" height=\"1024\" src=\"http:\/\/www.eskokytomaki.fi\/wp-content\/uploads\/2024\/09\/dscf3086-683x1024.jpg\" alt=\"\" class=\"wp-image-48\" style=\"width:245px;height:auto\" srcset=\"https:\/\/www.eskokytomaki.fi\/wp-content\/uploads\/2024\/09\/dscf3086-683x1024.jpg 683w, https:\/\/www.eskokytomaki.fi\/wp-content\/uploads\/2024\/09\/dscf3086-200x300.jpg 200w, https:\/\/www.eskokytomaki.fi\/wp-content\/uploads\/2024\/09\/dscf3086-768x1152.jpg 768w, https:\/\/www.eskokytomaki.fi\/wp-content\/uploads\/2024\/09\/dscf3086-1024x1536.jpg 1024w, https:\/\/www.eskokytomaki.fi\/wp-content\/uploads\/2024\/09\/dscf3086.jpg 1365w\" sizes=\"auto, (max-width: 683px) 100vw, 683px\" \/><\/figure><\/div>\n\n\n<p><\/p>\n\n\n\n<p><\/p>\n\n\n\n<p><\/p>\n\n\n\n<p><\/p>\n\n\n\n<p><\/p>\n\n\n\n<p><mark style=\"background-color:rgba(0, 0, 0, 0);color:#d2cdcd\" class=\"has-inline-color\">Niilo on ollut matkassa mukana jo pienest\u00e4 ja ensimm\u00e4inen yhteinen ralli Eskon kanssa oli Rengas-Turku ralli vuonna 2021. Siit\u00e4 eteenp\u00e4in kehitys on ollut huimaa ja kokoajan tehd\u00e4\u00e4n t\u00f6it\u00e4 parempien tulosten saavuttamiseksi. Niilo opiskelee t\u00e4ll\u00e4 hetkell\u00e4 tradenomiksi ja vapaa-aika kuluu lenkkeillen ja salilla harjoitellen.<\/mark><\/p>\n\n\n\n<p><strong><mark style=\"background-color:rgba(0, 0, 0, 0);color:#d2cdcd\" class=\"has-inline-color\">Niilon Ewrc-profiili:<\/mark><\/strong><\/p>\n\n\n\n<p><a href=\"https:\/\/www.ewrc-results.com\/coprofile\/392347-niilo-ahonen\/\">https:\/\/www.ewrc-results.com\/coprofile\/392347-niilo-ahonen\/<\/a><\/p>\n\n\n\n<p><\/p>\n\n\n\n<p><\/p>\n\n\n\n<h2 class=\"wp-block-heading\"><strong><mark style=\"background-color:rgba(0, 0, 0, 0)\" class=\"has-inline-color has-vivid-cyan-blue-color\">Suurimpia saavutuksia t\u00e4h\u00e4n menness\u00e4:<\/mark><\/strong><\/h2>\n\n\n\n<ul class=\"wp-block-list\">\n<li><mark style=\"background-color:rgba(0, 0, 0, 0);color:#d2cdcd\" class=\"has-inline-color\">Rallin nuorten Suomen mestaruus 2023<\/mark>\n<ul class=\"wp-block-list\">\n<li><mark style=\"background-color:rgba(0, 0, 0, 0);color:#d2cdcd\" class=\"has-inline-color\">IsoValkeinen SM-Ralli Kuopio 1. sija<\/mark><\/li>\n\n\n\n<li><mark style=\"background-color:rgba(0, 0, 0, 0);color:#d2cdcd\" class=\"has-inline-color\">Jyv\u00e4skyl\u00e4n SM Talviralli 1. sija<\/mark><\/li>\n\n\n\n<li><mark style=\"background-color:rgba(0, 0, 0, 0);color:#d2cdcd\" class=\"has-inline-color\">SM Pohjanmaa Ralli 1. sija<\/mark><\/li>\n\n\n\n<li><mark style=\"background-color:rgba(0, 0, 0, 0);color:#d2cdcd\" class=\"has-inline-color\">SM It\u00e4ralli 1. sija<\/mark><\/li>\n<\/ul>\n<\/li>\n\n\n\n<li><mark style=\"background-color:rgba(0, 0, 0, 0);color:#d2cdcd\" class=\"has-inline-color\">AKK alue 6 vuoden ansioitunut nuori-palkinto 2023<\/mark><\/li>\n\n\n\n<li><mark style=\"background-color:rgba(0, 0, 0, 0);color:#d2cdcd\" class=\"has-inline-color\">Rallin aluemestauus kultaa 2023<\/mark><\/li>\n\n\n\n<li><mark style=\"background-color:rgba(0, 0, 0, 0);color:#d2cdcd\" class=\"has-inline-color\">Rallin aluemestaruus hopeaa 2024 &amp; 2022<\/mark><\/li>\n\n\n\n<li><mark style=\"background-color:rgba(0, 0, 0, 0);color:#d2cdcd\" class=\"has-inline-color\">Rallin aluemestaruus pronssia 2021<\/mark><\/li>\n\n\n\n<li><mark style=\"background-color:rgba(0, 0, 0, 0);color:#d2cdcd\" class=\"has-inline-color\">Rallisprintin aluemestaruus kultaa 2022<\/mark><\/li>\n\n\n\n<li><mark style=\"background-color:rgba(0, 0, 0, 0);color:#d2cdcd\" class=\"has-inline-color\">Rallisprintin aluemestaruus pronssia 2024 &amp; 2023<\/mark><\/li>\n\n\n\n<li><mark style=\"background-color:rgba(0, 0, 0, 0);color:#d2cdcd\" class=\"has-inline-color\">Secto Rally Finland Powerstage-palkinto 2023<\/mark><\/li>\n\n\n\n<li><mark style=\"background-color:rgba(0, 0, 0, 0);color:#d2cdcd\" class=\"has-inline-color\">Rallisprint SM-osakilpailuvoitto S\u00e4kyl\u00e4ss\u00e4 2023<\/mark><\/li>\n\n\n\n<li><mark style=\"background-color:rgba(0, 0, 0, 0);color:#d2cdcd\" class=\"has-inline-color\">T4T-RallyTalent stipendi 2023<\/mark><\/li>\n\n\n\n<li><mark style=\"background-color:rgba(0, 0, 0, 0);color:#d2cdcd\" class=\"has-inline-color\">SM4-luokan 3. sija &#8211; SM Mad-Croc L\u00e4nsirannikon Ralli 2024<\/mark><\/li>\n\n\n\n<li><mark style=\"background-color:rgba(0, 0, 0, 0);color:#d2cdcd\" class=\"has-inline-color\">SM3-luokan 3.sija &#8211; SM-ralli Savonlinna 2025<\/mark><\/li>\n<\/ul>\n\n\n\n<p><\/p>\n\n\n\n<p><\/p>\n\n\n\n<hr class=\"wp-block-separator has-alpha-channel-opacity\"\/>\n\n\n\n<h2 class=\"wp-block-heading\"><strong><mark style=\"background-color:rgba(0, 0, 0, 0)\" class=\"has-inline-color has-vivid-cyan-blue-color\">Katso my\u00f6s kausikoosteet Youtubesta vuosilta 2023, 2024, 2025! <\/mark><\/strong><\/h2>\n\n\n\n<figure class=\"wp-block-embed is-type-video is-provider-youtube wp-block-embed-youtube wp-embed-aspect-16-9 wp-has-aspect-ratio\"><div class=\"wp-block-embed__wrapper\">\n<iframe loading=\"lazy\" title=\"Esko Kyt\u00f6m\u00e4ki - Rally Season 2023\" width=\"790\" height=\"444\" src=\"https:\/\/www.youtube.com\/embed\/Jg-DTpMjL1E?feature=oembed\" frameborder=\"0\" allow=\"accelerometer; autoplay; clipboard-write; encrypted-media; gyroscope; picture-in-picture; web-share\" referrerpolicy=\"strict-origin-when-cross-origin\" allowfullscreen><\/iframe>\n<\/div><figcaption class=\"wp-element-caption\">Kausikooste 2023.<\/figcaption><\/figure>\n\n\n\n<figure class=\"wp-block-embed is-type-video is-provider-youtube wp-block-embed-youtube wp-embed-aspect-16-9 wp-has-aspect-ratio\"><div class=\"wp-block-embed__wrapper\">\n<iframe loading=\"lazy\" title=\"Esko Kyt\u00f6m\u00e4ki - Rally Season 2024\" width=\"790\" height=\"444\" src=\"https:\/\/www.youtube.com\/embed\/AA6qJnpSjLM?feature=oembed\" frameborder=\"0\" allow=\"accelerometer; autoplay; clipboard-write; encrypted-media; gyroscope; picture-in-picture; web-share\" referrerpolicy=\"strict-origin-when-cross-origin\" allowfullscreen><\/iframe>\n<\/div><figcaption class=\"wp-element-caption\">Kausikooste 2024.<\/figcaption><\/figure>\n\n\n\n<figure class=\"wp-block-embed is-type-video is-provider-youtube wp-block-embed-youtube wp-embed-aspect-16-9 wp-has-aspect-ratio\"><div class=\"wp-block-embed__wrapper\">\n<iframe loading=\"lazy\" title=\"Esko Kyt\u00f6m\u00e4ki - Rally Season 2025\" width=\"790\" height=\"444\" src=\"https:\/\/www.youtube.com\/embed\/PoP0JkPycFk?feature=oembed\" frameborder=\"0\" allow=\"accelerometer; autoplay; clipboard-write; encrypted-media; gyroscope; picture-in-picture; web-share\" referrerpolicy=\"strict-origin-when-cross-origin\" allowfullscreen><\/iframe>\n<\/div><figcaption class=\"wp-element-caption\">Kausikooste 2025.<\/figcaption><\/figure>\n<\/div>\n<\/div>\n\n\n\n<div style=\"height:calc( 0.25 * var(--wp--style--root--padding-right, var(--wp--custom--gap--horizontal)))\" aria-hidden=\"true\" class=\"wp-block-spacer\"><\/div>\n<\/div><\/div>\n\n\n\n<div class=\"wp-block-group alignfull is-content-justification-center\" style=\"margin-top:0;margin-bottom:0;padding-top:calc( 0.5 * var(--wp--style--root--padding-right, var(--wp--custom--gap--horizontal)));padding-right:var(--wp--style--root--padding-right, var(--wp--custom--gap--horizontal));padding-bottom:calc( 0.5 * var(--wp--style--root--padding-right, var(--wp--custom--gap--horizontal)));padding-left:var(--wp--style--root--padding-left, var(--wp--custom--gap--horizontal))\"><div class=\"wp-block-group__inner-container is-layout-constrained wp-container-core-group-is-layout-b073b61b wp-block-group-is-layout-constrained\">\n<div style=\"height:0px\" aria-hidden=\"true\" class=\"wp-block-spacer\"><\/div>\n\n\n\n<div class=\"wp-block-columns alignwide is-layout-flex wp-container-core-columns-is-layout-9d6595d7 wp-block-columns-is-layout-flex\">\n<div class=\"wp-block-column is-vertically-aligned-center is-layout-flow wp-block-column-is-layout-flow\">\n<h2 class=\"wp-block-heading has-text-align-center\"><mark style=\"background-color:rgba(0, 0, 0, 0)\" class=\"has-inline-color has-vivid-cyan-blue-color\">Tutustu toimintaamme my\u00f6s sosiaalisen median kautta!<\/mark><\/h2>\n\n\n\n<ul class=\"wp-block-social-links is-content-justification-center is-layout-flex wp-container-core-social-links-is-layout-16018d1d wp-block-social-links-is-layout-flex\"><li class=\"wp-social-link wp-social-link-facebook  wp-block-social-link\"><a href=\"https:\/\/www.facebook.com\/EskoKytomakiRally\/about?locale=fi_FI\" class=\"wp-block-social-link-anchor\"><svg width=\"24\" height=\"24\" viewBox=\"0 0 24 24\" version=\"1.1\" xmlns=\"http:\/\/www.w3.org\/2000\/svg\" aria-hidden=\"true\" focusable=\"false\"><path d=\"M12 2C6.5 2 2 6.5 2 12c0 5 3.7 9.1 8.4 9.9v-7H7.9V12h2.5V9.8c0-2.5 1.5-3.9 3.8-3.9 1.1 0 2.2.2 2.2.2v2.5h-1.3c-1.2 0-1.6.8-1.6 1.6V12h2.8l-.4 2.9h-2.3v7C18.3 21.1 22 17 22 12c0-5.5-4.5-10-10-10z\"><\/path><\/svg><span class=\"wp-block-social-link-label screen-reader-text\">Facebook<\/span><\/a><\/li>\n\n<li class=\"wp-social-link wp-social-link-instagram  wp-block-social-link\"><a href=\"https:\/\/www.instagram.com\/esko_kytomaki\/\" class=\"wp-block-social-link-anchor\"><svg width=\"24\" height=\"24\" viewBox=\"0 0 24 24\" version=\"1.1\" xmlns=\"http:\/\/www.w3.org\/2000\/svg\" aria-hidden=\"true\" focusable=\"false\"><path d=\"M12,4.622c2.403,0,2.688,0.009,3.637,0.052c0.877,0.04,1.354,0.187,1.671,0.31c0.42,0.163,0.72,0.358,1.035,0.673 c0.315,0.315,0.51,0.615,0.673,1.035c0.123,0.317,0.27,0.794,0.31,1.671c0.043,0.949,0.052,1.234,0.052,3.637 s-0.009,2.688-0.052,3.637c-0.04,0.877-0.187,1.354-0.31,1.671c-0.163,0.42-0.358,0.72-0.673,1.035 c-0.315,0.315-0.615,0.51-1.035,0.673c-0.317,0.123-0.794,0.27-1.671,0.31c-0.949,0.043-1.233,0.052-3.637,0.052 s-2.688-0.009-3.637-0.052c-0.877-0.04-1.354-0.187-1.671-0.31c-0.42-0.163-0.72-0.358-1.035-0.673 c-0.315-0.315-0.51-0.615-0.673-1.035c-0.123-0.317-0.27-0.794-0.31-1.671C4.631,14.688,4.622,14.403,4.622,12 s0.009-2.688,0.052-3.637c0.04-0.877,0.187-1.354,0.31-1.671c0.163-0.42,0.358-0.72,0.673-1.035 c0.315-0.315,0.615-0.51,1.035-0.673c0.317-0.123,0.794-0.27,1.671-0.31C9.312,4.631,9.597,4.622,12,4.622 M12,3 C9.556,3,9.249,3.01,8.289,3.054C7.331,3.098,6.677,3.25,6.105,3.472C5.513,3.702,5.011,4.01,4.511,4.511 c-0.5,0.5-0.808,1.002-1.038,1.594C3.25,6.677,3.098,7.331,3.054,8.289C3.01,9.249,3,9.556,3,12c0,2.444,0.01,2.751,0.054,3.711 c0.044,0.958,0.196,1.612,0.418,2.185c0.23,0.592,0.538,1.094,1.038,1.594c0.5,0.5,1.002,0.808,1.594,1.038 c0.572,0.222,1.227,0.375,2.185,0.418C9.249,20.99,9.556,21,12,21s2.751-0.01,3.711-0.054c0.958-0.044,1.612-0.196,2.185-0.418 c0.592-0.23,1.094-0.538,1.594-1.038c0.5-0.5,0.808-1.002,1.038-1.594c0.222-0.572,0.375-1.227,0.418-2.185 C20.99,14.751,21,14.444,21,12s-0.01-2.751-0.054-3.711c-0.044-0.958-0.196-1.612-0.418-2.185c-0.23-0.592-0.538-1.094-1.038-1.594 c-0.5-0.5-1.002-0.808-1.594-1.038c-0.572-0.222-1.227-0.375-2.185-0.418C14.751,3.01,14.444,3,12,3L12,3z M12,7.378 c-2.552,0-4.622,2.069-4.622,4.622S9.448,16.622,12,16.622s4.622-2.069,4.622-4.622S14.552,7.378,12,7.378z M12,15 c-1.657,0-3-1.343-3-3s1.343-3,3-3s3,1.343,3,3S13.657,15,12,15z M16.804,6.116c-0.596,0-1.08,0.484-1.08,1.08 s0.484,1.08,1.08,1.08c0.596,0,1.08-0.484,1.08-1.08S17.401,6.116,16.804,6.116z\"><\/path><\/svg><span class=\"wp-block-social-link-label screen-reader-text\">Instagram<\/span><\/a><\/li>\n\n<li class=\"wp-social-link wp-social-link-youtube  wp-block-social-link\"><a href=\"https:\/\/l.facebook.com\/l.php?u=https%3A%2F%2Fwww.youtube.com%2Fc%2FTangoTeamMotorsportJuniors%3Ffbclid%3DIwZXh0bgNhZW0CMTAAAR1KtYyb7AWB8tNf__LLioQwH0jWgykhAsDJFKut5lLvEykKs3vWmJgUC9w_aem_mkxH4svYLdm52pXD0k-BSw&#038;h=AT2zTXh04DxrcKh1qQvwvGiEHtNylAQr5vQfRQm03C1NzUp9-XFAHp0kJBgHv4GJeTYnvEZdpO1XuelxeP0Hs4Jg9DenzPPunHb8KeUn7XWeRgVuJdZJQkoZ-RGfmCwe9vqEsA\" class=\"wp-block-social-link-anchor\"><svg width=\"24\" height=\"24\" viewBox=\"0 0 24 24\" version=\"1.1\" xmlns=\"http:\/\/www.w3.org\/2000\/svg\" aria-hidden=\"true\" focusable=\"false\"><path d=\"M21.8,8.001c0,0-0.195-1.378-0.795-1.985c-0.76-0.797-1.613-0.801-2.004-0.847c-2.799-0.202-6.997-0.202-6.997-0.202 h-0.009c0,0-4.198,0-6.997,0.202C4.608,5.216,3.756,5.22,2.995,6.016C2.395,6.623,2.2,8.001,2.2,8.001S2,9.62,2,11.238v1.517 c0,1.618,0.2,3.237,0.2,3.237s0.195,1.378,0.795,1.985c0.761,0.797,1.76,0.771,2.205,0.855c1.6,0.153,6.8,0.201,6.8,0.201 s4.203-0.006,7.001-0.209c0.391-0.047,1.243-0.051,2.004-0.847c0.6-0.607,0.795-1.985,0.795-1.985s0.2-1.618,0.2-3.237v-1.517 C22,9.62,21.8,8.001,21.8,8.001z M9.935,14.594l-0.001-5.62l5.404,2.82L9.935,14.594z\"><\/path><\/svg><span class=\"wp-block-social-link-label screen-reader-text\">YouTube<\/span><\/a><\/li><\/ul>\n<\/div>\n<\/div>\n\n\n\n<p class=\"has-text-align-center\"><mark style=\"background-color:rgba(0, 0, 0, 0);color:#d2cdcd\" class=\"has-inline-color\">P\u00e4ivit\u00e4mme aktiivisesti sosiaalista mediaa, joten ota ihmeess\u00e4 sivut seurantaan!<\/mark><\/p>\n\n\n\n<div style=\"height:calc( 0.25 * var(--wp--style--root--padding-right, var(--wp--custom--gap--horizontal)))\" aria-hidden=\"true\" class=\"wp-block-spacer\"><\/div>\n<\/div><\/div>\n\n\n\n<p><\/p>\n","protected":false},"excerpt":{"rendered":"<p>Tarina Ajamme kilpaa rallissa ja rallisprintiss\u00e4. Ensimetrit Esko on kurvaillut takavetoisella Ford Sierralla jo yhdeks\u00e4n vuotiaana. Esko Kyt\u00f6m\u00e4ki ja Niilo Ahonen ovat olleet mukana rallin Nuorten SM-sarjassa kausilla 2021, 2022 ja 2023. Kaudella 2023 Esko ja Niilo voittivat rallin nuorten Suomen Mestaruuden.&nbsp;Kaudella 2024 Esko ja Niilo siirtyiv\u00e4t yleisen SM4 luokan&#8230;<\/p>\n","protected":false},"author":1,"featured_media":0,"parent":0,"menu_order":0,"comment_status":"closed","ping_status":"closed","template":"","meta":{"footnotes":""},"class_list":["post-19","page","type-page","status-publish","hentry"],"_links":{"self":[{"href":"https:\/\/www.eskokytomaki.fi\/index.php?rest_route=\/wp\/v2\/pages\/19","targetHints":{"allow":["GET"]}}],"collection":[{"href":"https:\/\/www.eskokytomaki.fi\/index.php?rest_route=\/wp\/v2\/pages"}],"about":[{"href":"https:\/\/www.eskokytomaki.fi\/index.php?rest_route=\/wp\/v2\/types\/page"}],"author":[{"embeddable":true,"href":"https:\/\/www.eskokytomaki.fi\/index.php?rest_route=\/wp\/v2\/users\/1"}],"replies":[{"embeddable":true,"href":"https:\/\/www.eskokytomaki.fi\/index.php?rest_route=%2Fwp%2Fv2%2Fcomments&post=19"}],"version-history":[{"count":75,"href":"https:\/\/www.eskokytomaki.fi\/index.php?rest_route=\/wp\/v2\/pages\/19\/revisions"}],"predecessor-version":[{"id":1062,"href":"https:\/\/www.eskokytomaki.fi\/index.php?rest_route=\/wp\/v2\/pages\/19\/revisions\/1062"}],"wp:attachment":[{"href":"https:\/\/www.eskokytomaki.fi\/index.php?rest_route=%2Fwp%2Fv2%2Fmedia&parent=19"}],"curies":[{"name":"wp","href":"https:\/\/api.w.org\/{rel}","templated":true}]}}