{"id":21,"date":"2024-09-06T12:43:35","date_gmt":"2024-09-06T09:43:35","guid":{"rendered":"https:\/\/eskokytomaki.wordpress.com\/?page_id=16"},"modified":"2026-01-07T16:44:11","modified_gmt":"2026-01-07T16:44:11","slug":"ota-yhteytta","status":"publish","type":"page","link":"https:\/\/www.eskokytomaki.fi\/?page_id=21","title":{"rendered":"Yhteisty\u00f6ss\u00e4\/Yhteydenotto"},"content":{"rendered":"\n<h2 class=\"wp-block-heading has-text-align-center\"><mark style=\"background-color:rgba(0, 0, 0, 0)\" class=\"has-inline-color has-vivid-cyan-blue-color\">Kiinnostaisiko yhteisty\u00f6 kanssamme?<\/mark><\/h2>\n\n\n\n<p class=\"has-text-align-center\"><mark style=\"background-color:rgba(0, 0, 0, 0);color:#d2cdcd\" class=\"has-inline-color\">Eskolla ja Niilolla on t\u00e4ht\u00e4in korkealla! Kustannusten kattamiseksi haemme jatkuvasti uusia yhteisty\u00f6kumppaneita, joille tarjoaisimme monipuolista n\u00e4kyvyytt\u00e4 esimerkiksi tarrapaikkojen ja somemainonnan kautta. Olemme valmiita keskustelemaan my\u00f6s muista vaihtoehdoista! Nyt on loistava tilaisuus l\u00e4hte\u00e4 mukaan matkaamme kohti ralliautoilun korkeinta huippua!<\/mark><\/p>\n\n\n\n<p class=\"has-text-align-center\"><mark style=\"background-color:rgba(0, 0, 0, 0);color:#d2cdcd\" class=\"has-inline-color\">Tervetuloa juttelemaan lis\u00e4\u00e4 mahdollisista yhteisty\u00f6kuvioista niin sovitaan hyv\u00e4 molempia osapuolia hy\u00f6dytt\u00e4v\u00e4 paketti!<\/mark><\/p>\n\n\n\n<h2 class=\"wp-block-heading has-text-align-center\"><strong><mark style=\"background-color:rgba(0, 0, 0, 0)\" class=\"has-inline-color has-vivid-cyan-blue-color\">Ota yhteytt\u00e4! <\/mark><\/strong><\/h2>\n\n\n\n<p class=\"has-text-align-center\"><strong><mark style=\"background-color:rgba(0, 0, 0, 0)\" class=\"has-inline-color has-vivid-cyan-blue-color\"> <strong> <\/strong><\/mark><\/strong>\ud83d\udce7<strong><mark style=\"background-color:rgba(0, 0, 0, 0)\" class=\"has-inline-color has-vivid-cyan-blue-color\">S\u00e4hk\u00f6posti<\/mark><\/strong> <strong><mark style=\"background-color:rgba(0, 0, 0, 0)\" class=\"has-inline-color has-vivid-cyan-blue-color\">esko.kytomaki@gmail.com<\/mark><\/strong><\/p>\n\n\n\n<p class=\"has-text-align-center\">\ud83d\udcde<strong><mark style=\"background-color:rgba(0, 0, 0, 0)\" class=\"has-inline-color has-vivid-cyan-blue-color\">Puhelin +358401682272<\/mark><\/strong><\/p>\n\n\n\n<div class=\"wp-block-group alignfull\"><div class=\"wp-block-group__inner-container is-layout-constrained wp-block-group-is-layout-constrained\">\n<div class=\"wp-block-group alignfull is-content-justification-center\" style=\"margin-top:0;margin-bottom:0;padding-top:calc( 0.5 * var(--wp--style--root--padding-right, var(--wp--custom--gap--horizontal)));padding-right:var(--wp--style--root--padding-right, var(--wp--custom--gap--horizontal));padding-bottom:calc( 0.5 * var(--wp--style--root--padding-right, var(--wp--custom--gap--horizontal)));padding-left:var(--wp--style--root--padding-left, var(--wp--custom--gap--horizontal))\"><div class=\"wp-block-group__inner-container is-layout-constrained wp-container-core-group-is-layout-b073b61b wp-block-group-is-layout-constrained\">\n<div style=\"height:27px\" aria-hidden=\"true\" class=\"wp-block-spacer\"><\/div>\n\n\n\n<div class=\"wp-block-columns alignwide are-vertically-aligned-center is-layout-flex wp-container-core-columns-is-layout-56f61851 wp-block-columns-is-layout-flex\">\n<div class=\"wp-block-column is-layout-flow wp-block-column-is-layout-flow\">\n<h2 class=\"wp-block-heading alignwide has-text-align-center\"><mark style=\"background-color:rgba(0, 0, 0, 0)\" class=\"has-inline-color has-vivid-cyan-blue-color\">He ovat jo mukana! Liity sin\u00e4kin t\u00e4h\u00e4n joukkoon!<\/mark><\/h2>\n<\/div>\n<\/div>\n<\/div><\/div>\n\n\n<div class=\"wp-block-image\">\n<figure class=\"aligncenter size-full is-resized\"><a href=\"https:\/\/www.turbotukku.com\/\"><img loading=\"lazy\" decoding=\"async\" width=\"979\" height=\"264\" src=\"https:\/\/www.eskokytomaki.fi\/wp-content\/uploads\/2025\/02\/ggturbo-1.png\" alt=\"\" class=\"wp-image-790\" style=\"width:260px;height:auto\" srcset=\"https:\/\/www.eskokytomaki.fi\/wp-content\/uploads\/2025\/02\/ggturbo-1.png 979w, https:\/\/www.eskokytomaki.fi\/wp-content\/uploads\/2025\/02\/ggturbo-1-300x81.png 300w, https:\/\/www.eskokytomaki.fi\/wp-content\/uploads\/2025\/02\/ggturbo-1-768x207.png 768w\" sizes=\"auto, (max-width: 979px) 100vw, 979px\" \/><\/a><figcaption class=\"wp-element-caption\">GGTurbo<\/figcaption><\/figure><\/div>\n\n<div class=\"wp-block-image\">\n<figure class=\"aligncenter size-full is-resized\"><a href=\"https:\/\/minuntalli.fi\/\"><img loading=\"lazy\" decoding=\"async\" width=\"503\" height=\"152\" src=\"https:\/\/www.eskokytomaki.fi\/wp-content\/uploads\/2025\/02\/minuntalli-1.png\" alt=\"\" class=\"wp-image-765\" style=\"width:226px;height:auto\" srcset=\"https:\/\/www.eskokytomaki.fi\/wp-content\/uploads\/2025\/02\/minuntalli-1.png 503w, https:\/\/www.eskokytomaki.fi\/wp-content\/uploads\/2025\/02\/minuntalli-1-300x91.png 300w\" sizes=\"auto, (max-width: 503px) 100vw, 503px\" \/><\/a><figcaption class=\"wp-element-caption\">Minuntalli<\/figcaption><\/figure><\/div><\/div><\/div>\n\n\n<div class=\"wp-block-image\">\n<figure class=\"aligncenter size-full is-resized\"><a href=\"https:\/\/proopelti.fi\/\"><img loading=\"lazy\" decoding=\"async\" width=\"600\" height=\"168\" src=\"https:\/\/www.eskokytomaki.fi\/wp-content\/uploads\/2025\/12\/logo_proopelti.png\" alt=\"\" class=\"wp-image-1038\" style=\"width:270px;height:auto\" srcset=\"https:\/\/www.eskokytomaki.fi\/wp-content\/uploads\/2025\/12\/logo_proopelti.png 600w, https:\/\/www.eskokytomaki.fi\/wp-content\/uploads\/2025\/12\/logo_proopelti-300x84.png 300w\" sizes=\"auto, (max-width: 600px) 100vw, 600px\" \/><\/a><figcaption class=\"wp-element-caption\">Proopelti Oy<\/figcaption><\/figure><\/div>\n\n<div class=\"wp-block-image\">\n<figure class=\"aligncenter size-full is-resized\"><a href=\"https:\/\/www.pienoismallit.fi\/index.html\"><img loading=\"lazy\" decoding=\"async\" width=\"703\" height=\"228\" src=\"https:\/\/www.eskokytomaki.fi\/wp-content\/uploads\/2025\/12\/modeltoys-2.png\" alt=\"\" class=\"wp-image-1048\" style=\"width:269px;height:auto\" srcset=\"https:\/\/www.eskokytomaki.fi\/wp-content\/uploads\/2025\/12\/modeltoys-2.png 703w, https:\/\/www.eskokytomaki.fi\/wp-content\/uploads\/2025\/12\/modeltoys-2-300x97.png 300w\" sizes=\"auto, (max-width: 703px) 100vw, 703px\" \/><\/a><figcaption class=\"wp-element-caption\">Pienoismallit.fi \/ Modeltoys.net<\/figcaption><\/figure><\/div>\n\n\n<p><\/p>\n\n\n<div class=\"wp-block-image\">\n<figure class=\"aligncenter size-full is-resized\"><img loading=\"lazy\" decoding=\"async\" width=\"750\" height=\"500\" src=\"http:\/\/www.eskokytomaki.fi\/wp-content\/uploads\/2025\/02\/hencar.png\" alt=\"\" class=\"wp-image-776\" style=\"width:201px;height:auto\" srcset=\"https:\/\/www.eskokytomaki.fi\/wp-content\/uploads\/2025\/02\/hencar.png 750w, https:\/\/www.eskokytomaki.fi\/wp-content\/uploads\/2025\/02\/hencar-300x200.png 300w\" sizes=\"auto, (max-width: 750px) 100vw, 750px\" \/><figcaption class=\"wp-element-caption\">Hen-Car Oy<\/figcaption><\/figure><\/div>\n\n<div class=\"wp-block-image\">\n<figure class=\"aligncenter size-full is-resized\"><a href=\"https:\/\/whippi.fi\/\"><img loading=\"lazy\" decoding=\"async\" width=\"949\" height=\"263\" src=\"http:\/\/www.eskokytomaki.fi\/wp-content\/uploads\/2025\/12\/whippi.png\" alt=\"\" class=\"wp-image-1051\" style=\"width:228px;height:auto\" srcset=\"https:\/\/www.eskokytomaki.fi\/wp-content\/uploads\/2025\/12\/whippi.png 949w, https:\/\/www.eskokytomaki.fi\/wp-content\/uploads\/2025\/12\/whippi-300x83.png 300w, https:\/\/www.eskokytomaki.fi\/wp-content\/uploads\/2025\/12\/whippi-768x213.png 768w\" sizes=\"auto, (max-width: 949px) 100vw, 949px\" \/><\/a><figcaption class=\"wp-element-caption\">Whippi Oy<\/figcaption><\/figure><\/div>\n\n<div class=\"wp-block-image\">\n<figure class=\"aligncenter size-full\"><a href=\"https:\/\/jarvenpaanrengas.fi\/\"><img loading=\"lazy\" decoding=\"async\" width=\"207\" height=\"56\" src=\"https:\/\/www.eskokytomaki.fi\/wp-content\/uploads\/2025\/02\/jr_logo-207x56-1.png\" alt=\"\" class=\"wp-image-768\"\/><\/a><figcaption class=\"wp-element-caption\">J\u00e4rvenp\u00e4\u00e4n Rengas<\/figcaption><\/figure><\/div>\n\n\n<p class=\"has-text-align-center\"><\/p>\n\n\n<div class=\"wp-block-image\">\n<figure class=\"aligncenter size-full is-resized\"><a href=\"https:\/\/www.imprimo.fi\/\"><img loading=\"lazy\" decoding=\"async\" width=\"225\" height=\"225\" src=\"http:\/\/www.eskokytomaki.fi\/wp-content\/uploads\/2025\/02\/imprimo.png\" alt=\"\" class=\"wp-image-782\" style=\"width:197px;height:auto\" srcset=\"https:\/\/www.eskokytomaki.fi\/wp-content\/uploads\/2025\/02\/imprimo.png 225w, https:\/\/www.eskokytomaki.fi\/wp-content\/uploads\/2025\/02\/imprimo-150x150.png 150w\" sizes=\"auto, (max-width: 225px) 100vw, 225px\" \/><\/a><figcaption class=\"wp-element-caption\">Imprimo Oy<\/figcaption><\/figure><\/div>\n\n<div class=\"wp-block-image\">\n<figure class=\"aligncenter size-large is-resized\"><a href=\"https:\/\/tangoteam.com\/\"><img loading=\"lazy\" decoding=\"async\" width=\"1024\" height=\"509\" src=\"https:\/\/www.eskokytomaki.fi\/wp-content\/uploads\/2025\/03\/tangoteam_logo-2-1024x509.png\" alt=\"\" class=\"wp-image-841\" style=\"width:270px;height:auto\" srcset=\"https:\/\/www.eskokytomaki.fi\/wp-content\/uploads\/2025\/03\/tangoteam_logo-2-1024x509.png 1024w, https:\/\/www.eskokytomaki.fi\/wp-content\/uploads\/2025\/03\/tangoteam_logo-2-300x149.png 300w, https:\/\/www.eskokytomaki.fi\/wp-content\/uploads\/2025\/03\/tangoteam_logo-2-768x382.png 768w, https:\/\/www.eskokytomaki.fi\/wp-content\/uploads\/2025\/03\/tangoteam_logo-2-1536x764.png 1536w, https:\/\/www.eskokytomaki.fi\/wp-content\/uploads\/2025\/03\/tangoteam_logo-2-2048x1019.png 2048w\" sizes=\"auto, (max-width: 1024px) 100vw, 1024px\" \/><\/a><figcaption class=\"wp-element-caption\">Tango Team Motorsport<\/figcaption><\/figure><\/div>\n\n\n<div class=\"wp-block-columns alignwide is-layout-flex wp-container-core-columns-is-layout-9d6595d7 wp-block-columns-is-layout-flex\">\n<div class=\"wp-block-column is-vertically-aligned-center is-layout-flow wp-block-column-is-layout-flow\">\n<h2 class=\"wp-block-heading has-text-align-center\"><mark style=\"background-color:rgba(0, 0, 0, 0)\" class=\"has-inline-color has-vivid-cyan-blue-color\">Tutustu toimintaamme my\u00f6s sosiaalisen median kautta!<\/mark><\/h2>\n\n\n\n<ul class=\"wp-block-social-links is-content-justification-center is-layout-flex wp-container-core-social-links-is-layout-16018d1d wp-block-social-links-is-layout-flex\"><li class=\"wp-social-link wp-social-link-facebook  wp-block-social-link\"><a href=\"https:\/\/www.facebook.com\/EskoKytomakiRally\/about?locale=fi_FI\" class=\"wp-block-social-link-anchor\"><svg width=\"24\" height=\"24\" viewBox=\"0 0 24 24\" version=\"1.1\" xmlns=\"http:\/\/www.w3.org\/2000\/svg\" aria-hidden=\"true\" focusable=\"false\"><path d=\"M12 2C6.5 2 2 6.5 2 12c0 5 3.7 9.1 8.4 9.9v-7H7.9V12h2.5V9.8c0-2.5 1.5-3.9 3.8-3.9 1.1 0 2.2.2 2.2.2v2.5h-1.3c-1.2 0-1.6.8-1.6 1.6V12h2.8l-.4 2.9h-2.3v7C18.3 21.1 22 17 22 12c0-5.5-4.5-10-10-10z\"><\/path><\/svg><span class=\"wp-block-social-link-label screen-reader-text\">Facebook<\/span><\/a><\/li>\n\n<li class=\"wp-social-link wp-social-link-instagram  wp-block-social-link\"><a href=\"https:\/\/www.instagram.com\/esko_kytomaki\/\" class=\"wp-block-social-link-anchor\"><svg width=\"24\" height=\"24\" viewBox=\"0 0 24 24\" version=\"1.1\" xmlns=\"http:\/\/www.w3.org\/2000\/svg\" aria-hidden=\"true\" focusable=\"false\"><path d=\"M12,4.622c2.403,0,2.688,0.009,3.637,0.052c0.877,0.04,1.354,0.187,1.671,0.31c0.42,0.163,0.72,0.358,1.035,0.673 c0.315,0.315,0.51,0.615,0.673,1.035c0.123,0.317,0.27,0.794,0.31,1.671c0.043,0.949,0.052,1.234,0.052,3.637 s-0.009,2.688-0.052,3.637c-0.04,0.877-0.187,1.354-0.31,1.671c-0.163,0.42-0.358,0.72-0.673,1.035 c-0.315,0.315-0.615,0.51-1.035,0.673c-0.317,0.123-0.794,0.27-1.671,0.31c-0.949,0.043-1.233,0.052-3.637,0.052 s-2.688-0.009-3.637-0.052c-0.877-0.04-1.354-0.187-1.671-0.31c-0.42-0.163-0.72-0.358-1.035-0.673 c-0.315-0.315-0.51-0.615-0.673-1.035c-0.123-0.317-0.27-0.794-0.31-1.671C4.631,14.688,4.622,14.403,4.622,12 s0.009-2.688,0.052-3.637c0.04-0.877,0.187-1.354,0.31-1.671c0.163-0.42,0.358-0.72,0.673-1.035 c0.315-0.315,0.615-0.51,1.035-0.673c0.317-0.123,0.794-0.27,1.671-0.31C9.312,4.631,9.597,4.622,12,4.622 M12,3 C9.556,3,9.249,3.01,8.289,3.054C7.331,3.098,6.677,3.25,6.105,3.472C5.513,3.702,5.011,4.01,4.511,4.511 c-0.5,0.5-0.808,1.002-1.038,1.594C3.25,6.677,3.098,7.331,3.054,8.289C3.01,9.249,3,9.556,3,12c0,2.444,0.01,2.751,0.054,3.711 c0.044,0.958,0.196,1.612,0.418,2.185c0.23,0.592,0.538,1.094,1.038,1.594c0.5,0.5,1.002,0.808,1.594,1.038 c0.572,0.222,1.227,0.375,2.185,0.418C9.249,20.99,9.556,21,12,21s2.751-0.01,3.711-0.054c0.958-0.044,1.612-0.196,2.185-0.418 c0.592-0.23,1.094-0.538,1.594-1.038c0.5-0.5,0.808-1.002,1.038-1.594c0.222-0.572,0.375-1.227,0.418-2.185 C20.99,14.751,21,14.444,21,12s-0.01-2.751-0.054-3.711c-0.044-0.958-0.196-1.612-0.418-2.185c-0.23-0.592-0.538-1.094-1.038-1.594 c-0.5-0.5-1.002-0.808-1.594-1.038c-0.572-0.222-1.227-0.375-2.185-0.418C14.751,3.01,14.444,3,12,3L12,3z M12,7.378 c-2.552,0-4.622,2.069-4.622,4.622S9.448,16.622,12,16.622s4.622-2.069,4.622-4.622S14.552,7.378,12,7.378z M12,15 c-1.657,0-3-1.343-3-3s1.343-3,3-3s3,1.343,3,3S13.657,15,12,15z M16.804,6.116c-0.596,0-1.08,0.484-1.08,1.08 s0.484,1.08,1.08,1.08c0.596,0,1.08-0.484,1.08-1.08S17.401,6.116,16.804,6.116z\"><\/path><\/svg><span class=\"wp-block-social-link-label screen-reader-text\">Instagram<\/span><\/a><\/li>\n\n<li class=\"wp-social-link wp-social-link-youtube  wp-block-social-link\"><a href=\"https:\/\/l.facebook.com\/l.php?u=https%3A%2F%2Fwww.youtube.com%2Fc%2FTangoTeamMotorsportJuniors%3Ffbclid%3DIwZXh0bgNhZW0CMTAAAR1KtYyb7AWB8tNf__LLioQwH0jWgykhAsDJFKut5lLvEykKs3vWmJgUC9w_aem_mkxH4svYLdm52pXD0k-BSw&#038;h=AT2zTXh04DxrcKh1qQvwvGiEHtNylAQr5vQfRQm03C1NzUp9-XFAHp0kJBgHv4GJeTYnvEZdpO1XuelxeP0Hs4Jg9DenzPPunHb8KeUn7XWeRgVuJdZJQkoZ-RGfmCwe9vqEsA\" class=\"wp-block-social-link-anchor\"><svg width=\"24\" height=\"24\" viewBox=\"0 0 24 24\" version=\"1.1\" xmlns=\"http:\/\/www.w3.org\/2000\/svg\" aria-hidden=\"true\" focusable=\"false\"><path d=\"M21.8,8.001c0,0-0.195-1.378-0.795-1.985c-0.76-0.797-1.613-0.801-2.004-0.847c-2.799-0.202-6.997-0.202-6.997-0.202 h-0.009c0,0-4.198,0-6.997,0.202C4.608,5.216,3.756,5.22,2.995,6.016C2.395,6.623,2.2,8.001,2.2,8.001S2,9.62,2,11.238v1.517 c0,1.618,0.2,3.237,0.2,3.237s0.195,1.378,0.795,1.985c0.761,0.797,1.76,0.771,2.205,0.855c1.6,0.153,6.8,0.201,6.8,0.201 s4.203-0.006,7.001-0.209c0.391-0.047,1.243-0.051,2.004-0.847c0.6-0.607,0.795-1.985,0.795-1.985s0.2-1.618,0.2-3.237v-1.517 C22,9.62,21.8,8.001,21.8,8.001z M9.935,14.594l-0.001-5.62l5.404,2.82L9.935,14.594z\"><\/path><\/svg><span class=\"wp-block-social-link-label screen-reader-text\">YouTube<\/span><\/a><\/li><\/ul>\n<\/div>\n<\/div>\n\n\n\n<p class=\"has-text-align-center\"><mark style=\"background-color:rgba(0, 0, 0, 0);color:#d2cdcd\" class=\"has-inline-color\">P\u00e4ivit\u00e4mme aktiivisesti sosiaalista mediaa, joten ota ihmeess\u00e4 sivut seurantaan!<\/mark><\/p>\n\n\n\n<p><\/p>\n","protected":false},"excerpt":{"rendered":"<p>Kiinnostaisiko yhteisty\u00f6 kanssamme? Eskolla ja Niilolla on t\u00e4ht\u00e4in korkealla! Kustannusten kattamiseksi haemme jatkuvasti uusia yhteisty\u00f6kumppaneita, joille tarjoaisimme monipuolista n\u00e4kyvyytt\u00e4 esimerkiksi tarrapaikkojen ja somemainonnan kautta. Olemme valmiita keskustelemaan my\u00f6s muista vaihtoehdoista! Nyt on loistava tilaisuus l\u00e4hte\u00e4 mukaan matkaamme kohti ralliautoilun korkeinta huippua! Tervetuloa juttelemaan lis\u00e4\u00e4 mahdollisista yhteisty\u00f6kuvioista niin sovitaan hyv\u00e4 molempia&#8230;<\/p>\n","protected":false},"author":1,"featured_media":0,"parent":0,"menu_order":0,"comment_status":"closed","ping_status":"closed","template":"","meta":{"footnotes":""},"class_list":["post-21","page","type-page","status-publish","hentry"],"_links":{"self":[{"href":"https:\/\/www.eskokytomaki.fi\/index.php?rest_route=\/wp\/v2\/pages\/21","targetHints":{"allow":["GET"]}}],"collection":[{"href":"https:\/\/www.eskokytomaki.fi\/index.php?rest_route=\/wp\/v2\/pages"}],"about":[{"href":"https:\/\/www.eskokytomaki.fi\/index.php?rest_route=\/wp\/v2\/types\/page"}],"author":[{"embeddable":true,"href":"https:\/\/www.eskokytomaki.fi\/index.php?rest_route=\/wp\/v2\/users\/1"}],"replies":[{"embeddable":true,"href":"https:\/\/www.eskokytomaki.fi\/index.php?rest_route=%2Fwp%2Fv2%2Fcomments&post=21"}],"version-history":[{"count":45,"href":"https:\/\/www.eskokytomaki.fi\/index.php?rest_route=\/wp\/v2\/pages\/21\/revisions"}],"predecessor-version":[{"id":1058,"href":"https:\/\/www.eskokytomaki.fi\/index.php?rest_route=\/wp\/v2\/pages\/21\/revisions\/1058"}],"wp:attachment":[{"href":"https:\/\/www.eskokytomaki.fi\/index.php?rest_route=%2Fwp%2Fv2%2Fmedia&parent=21"}],"curies":[{"name":"wp","href":"https:\/\/api.w.org\/{rel}","templated":true}]}}