{"id":301,"date":"2025-01-20T09:33:13","date_gmt":"2025-01-20T09:33:13","guid":{"rendered":"https:\/\/www.eskokytomaki.fi\/?page_id=301"},"modified":"2025-10-07T07:06:14","modified_gmt":"2025-10-07T07:06:14","slug":"rallikyyditys","status":"publish","type":"page","link":"https:\/\/www.eskokytomaki.fi\/?page_id=301","title":{"rendered":"Rallikyyditys"},"content":{"rendered":"\n<h2 class=\"wp-block-heading\"><mark style=\"background-color:rgba(0, 0, 0, 0)\" class=\"has-inline-color has-vivid-cyan-blue-color\">Unelmana kokea rallikyyditys?<\/mark><\/h2>\n\n\n\n<p><mark style=\"background-color:rgba(0, 0, 0, 0);color:#d2cdcd\" class=\"has-inline-color\">J\u00e4rjest\u00e4mme my\u00f6s rallikyydityksi\u00e4! Erinomainen tilaisuus p\u00e4\u00e4st\u00e4 kokemaan edullisesti ja turvallisesti vauhdin hurmaa!<\/mark><\/p>\n\n\n\n<p><mark style=\"background-color:rgba(0, 0, 0, 0);color:#d2cdcd\" class=\"has-inline-color\">T\u00e4m\u00e4 on my\u00f6s samalla todella hyv\u00e4 tapa tukea toimintaamme, sek\u00e4 tutustua lajiin.<\/mark><\/p>\n\n\n\n<p><mark style=\"background-color:rgba(0, 0, 0, 0);color:#d2cdcd\" class=\"has-inline-color\">Kyyditykset j\u00e4rjestet\u00e4\u00e4n joko rallicross-radalla tai suljetulla tieosuudella, l\u00e4ht\u00f6kohtaisesti Etel\u00e4-Suomen alueella.<\/mark><\/p>\n\n\n\n<p><mark style=\"background-color:rgba(0, 0, 0, 0);color:#d2cdcd\" class=\"has-inline-color\">Ensisijaisesti kyyditykset j\u00e4rjestet\u00e4\u00e4n kaveriporukoille tai yrityksille.<\/mark><\/p>\n\n\n\n<p><mark style=\"background-color:rgba(0, 0, 0, 0);color:#d2cdcd\" class=\"has-inline-color\">Ota yhteytt\u00e4, niin r\u00e4\u00e4t\u00e4l\u00f6imme teille sopivan paketin! Muistathan ilmoittaa my\u00f6s suurinpiirtein tapahtumaan tulevien henkil\u00f6m\u00e4\u00e4r\u00e4n.<\/mark><\/p>\n\n\n\n<p><mark style=\"background-color:rgba(0, 0, 0, 0);color:#d2cdcd\" class=\"has-inline-color\">Yhteydenotot t\u00e4h\u00e4n s\u00e4hk\u00f6postiin.<\/mark> <mark style=\"background-color:rgba(0, 0, 0, 0)\" class=\"has-inline-color has-vivid-cyan-blue-color\"><strong><mark style=\"background-color:rgba(0, 0, 0, 0)\" class=\"has-inline-color has-vivid-cyan-blue-color\">esko.kytomaki@gmail.com<\/mark><\/strong><\/mark><\/p>\n\n\n\n<figure class=\"wp-block-image size-large\"><img loading=\"lazy\" decoding=\"async\" width=\"1024\" height=\"679\" src=\"http:\/\/www.eskokytomaki.fi\/wp-content\/uploads\/2025\/01\/45-1024x679.jpg\" alt=\"\" class=\"wp-image-499\" srcset=\"https:\/\/www.eskokytomaki.fi\/wp-content\/uploads\/2025\/01\/45-1024x679.jpg 1024w, https:\/\/www.eskokytomaki.fi\/wp-content\/uploads\/2025\/01\/45-300x199.jpg 300w, https:\/\/www.eskokytomaki.fi\/wp-content\/uploads\/2025\/01\/45-768x509.jpg 768w, https:\/\/www.eskokytomaki.fi\/wp-content\/uploads\/2025\/01\/45.jpg 1171w\" sizes=\"auto, (max-width: 1024px) 100vw, 1024px\" \/><\/figure>\n\n\n\n<p><\/p>\n\n\n\n<div class=\"wp-block-columns alignwide is-layout-flex wp-container-core-columns-is-layout-9d6595d7 wp-block-columns-is-layout-flex\">\n<div class=\"wp-block-column is-vertically-aligned-center is-layout-flow wp-block-column-is-layout-flow\">\n<h2 class=\"wp-block-heading has-text-align-center\"><mark style=\"background-color:rgba(0, 0, 0, 0)\" class=\"has-inline-color has-vivid-cyan-blue-color\">Tutustu toimintaamme my\u00f6s sosiaalisen median kautta!<\/mark><\/h2>\n\n\n\n<ul class=\"wp-block-social-links is-content-justification-center is-layout-flex wp-container-core-social-links-is-layout-16018d1d wp-block-social-links-is-layout-flex\"><li class=\"wp-social-link wp-social-link-facebook  wp-block-social-link\"><a href=\"https:\/\/www.facebook.com\/EskoKytomakiRally\/about?locale=fi_FI\" class=\"wp-block-social-link-anchor\"><svg width=\"24\" height=\"24\" viewBox=\"0 0 24 24\" version=\"1.1\" xmlns=\"http:\/\/www.w3.org\/2000\/svg\" aria-hidden=\"true\" focusable=\"false\"><path d=\"M12 2C6.5 2 2 6.5 2 12c0 5 3.7 9.1 8.4 9.9v-7H7.9V12h2.5V9.8c0-2.5 1.5-3.9 3.8-3.9 1.1 0 2.2.2 2.2.2v2.5h-1.3c-1.2 0-1.6.8-1.6 1.6V12h2.8l-.4 2.9h-2.3v7C18.3 21.1 22 17 22 12c0-5.5-4.5-10-10-10z\"><\/path><\/svg><span class=\"wp-block-social-link-label screen-reader-text\">Facebook<\/span><\/a><\/li>\n\n<li class=\"wp-social-link wp-social-link-instagram  wp-block-social-link\"><a href=\"https:\/\/www.instagram.com\/esko_kytomaki\/\" class=\"wp-block-social-link-anchor\"><svg width=\"24\" height=\"24\" viewBox=\"0 0 24 24\" version=\"1.1\" xmlns=\"http:\/\/www.w3.org\/2000\/svg\" aria-hidden=\"true\" focusable=\"false\"><path d=\"M12,4.622c2.403,0,2.688,0.009,3.637,0.052c0.877,0.04,1.354,0.187,1.671,0.31c0.42,0.163,0.72,0.358,1.035,0.673 c0.315,0.315,0.51,0.615,0.673,1.035c0.123,0.317,0.27,0.794,0.31,1.671c0.043,0.949,0.052,1.234,0.052,3.637 s-0.009,2.688-0.052,3.637c-0.04,0.877-0.187,1.354-0.31,1.671c-0.163,0.42-0.358,0.72-0.673,1.035 c-0.315,0.315-0.615,0.51-1.035,0.673c-0.317,0.123-0.794,0.27-1.671,0.31c-0.949,0.043-1.233,0.052-3.637,0.052 s-2.688-0.009-3.637-0.052c-0.877-0.04-1.354-0.187-1.671-0.31c-0.42-0.163-0.72-0.358-1.035-0.673 c-0.315-0.315-0.51-0.615-0.673-1.035c-0.123-0.317-0.27-0.794-0.31-1.671C4.631,14.688,4.622,14.403,4.622,12 s0.009-2.688,0.052-3.637c0.04-0.877,0.187-1.354,0.31-1.671c0.163-0.42,0.358-0.72,0.673-1.035 c0.315-0.315,0.615-0.51,1.035-0.673c0.317-0.123,0.794-0.27,1.671-0.31C9.312,4.631,9.597,4.622,12,4.622 M12,3 C9.556,3,9.249,3.01,8.289,3.054C7.331,3.098,6.677,3.25,6.105,3.472C5.513,3.702,5.011,4.01,4.511,4.511 c-0.5,0.5-0.808,1.002-1.038,1.594C3.25,6.677,3.098,7.331,3.054,8.289C3.01,9.249,3,9.556,3,12c0,2.444,0.01,2.751,0.054,3.711 c0.044,0.958,0.196,1.612,0.418,2.185c0.23,0.592,0.538,1.094,1.038,1.594c0.5,0.5,1.002,0.808,1.594,1.038 c0.572,0.222,1.227,0.375,2.185,0.418C9.249,20.99,9.556,21,12,21s2.751-0.01,3.711-0.054c0.958-0.044,1.612-0.196,2.185-0.418 c0.592-0.23,1.094-0.538,1.594-1.038c0.5-0.5,0.808-1.002,1.038-1.594c0.222-0.572,0.375-1.227,0.418-2.185 C20.99,14.751,21,14.444,21,12s-0.01-2.751-0.054-3.711c-0.044-0.958-0.196-1.612-0.418-2.185c-0.23-0.592-0.538-1.094-1.038-1.594 c-0.5-0.5-1.002-0.808-1.594-1.038c-0.572-0.222-1.227-0.375-2.185-0.418C14.751,3.01,14.444,3,12,3L12,3z M12,7.378 c-2.552,0-4.622,2.069-4.622,4.622S9.448,16.622,12,16.622s4.622-2.069,4.622-4.622S14.552,7.378,12,7.378z M12,15 c-1.657,0-3-1.343-3-3s1.343-3,3-3s3,1.343,3,3S13.657,15,12,15z M16.804,6.116c-0.596,0-1.08,0.484-1.08,1.08 s0.484,1.08,1.08,1.08c0.596,0,1.08-0.484,1.08-1.08S17.401,6.116,16.804,6.116z\"><\/path><\/svg><span class=\"wp-block-social-link-label screen-reader-text\">Instagram<\/span><\/a><\/li>\n\n<li class=\"wp-social-link wp-social-link-youtube  wp-block-social-link\"><a href=\"https:\/\/l.facebook.com\/l.php?u=https%3A%2F%2Fwww.youtube.com%2Fc%2FTangoTeamMotorsportJuniors%3Ffbclid%3DIwZXh0bgNhZW0CMTAAAR1KtYyb7AWB8tNf__LLioQwH0jWgykhAsDJFKut5lLvEykKs3vWmJgUC9w_aem_mkxH4svYLdm52pXD0k-BSw&#038;h=AT2zTXh04DxrcKh1qQvwvGiEHtNylAQr5vQfRQm03C1NzUp9-XFAHp0kJBgHv4GJeTYnvEZdpO1XuelxeP0Hs4Jg9DenzPPunHb8KeUn7XWeRgVuJdZJQkoZ-RGfmCwe9vqEsA\" class=\"wp-block-social-link-anchor\"><svg width=\"24\" height=\"24\" viewBox=\"0 0 24 24\" version=\"1.1\" xmlns=\"http:\/\/www.w3.org\/2000\/svg\" aria-hidden=\"true\" focusable=\"false\"><path d=\"M21.8,8.001c0,0-0.195-1.378-0.795-1.985c-0.76-0.797-1.613-0.801-2.004-0.847c-2.799-0.202-6.997-0.202-6.997-0.202 h-0.009c0,0-4.198,0-6.997,0.202C4.608,5.216,3.756,5.22,2.995,6.016C2.395,6.623,2.2,8.001,2.2,8.001S2,9.62,2,11.238v1.517 c0,1.618,0.2,3.237,0.2,3.237s0.195,1.378,0.795,1.985c0.761,0.797,1.76,0.771,2.205,0.855c1.6,0.153,6.8,0.201,6.8,0.201 s4.203-0.006,7.001-0.209c0.391-0.047,1.243-0.051,2.004-0.847c0.6-0.607,0.795-1.985,0.795-1.985s0.2-1.618,0.2-3.237v-1.517 C22,9.62,21.8,8.001,21.8,8.001z M9.935,14.594l-0.001-5.62l5.404,2.82L9.935,14.594z\"><\/path><\/svg><span class=\"wp-block-social-link-label screen-reader-text\">YouTube<\/span><\/a><\/li><\/ul>\n<\/div>\n<\/div>\n\n\n\n<p class=\"has-text-align-center\"><mark style=\"background-color:rgba(0, 0, 0, 0);color:#d2cdcd\" class=\"has-inline-color\">P\u00e4ivit\u00e4mme aktiivisesti sosiaalista mediaa, joten ota ihmeess\u00e4 sivut seurantaan!<\/mark><\/p>\n","protected":false},"excerpt":{"rendered":"<p>Unelmana kokea rallikyyditys? J\u00e4rjest\u00e4mme my\u00f6s rallikyydityksi\u00e4! Erinomainen tilaisuus p\u00e4\u00e4st\u00e4 kokemaan edullisesti ja turvallisesti vauhdin hurmaa! T\u00e4m\u00e4 on my\u00f6s samalla todella hyv\u00e4 tapa tukea toimintaamme, sek\u00e4 tutustua lajiin. Kyyditykset j\u00e4rjestet\u00e4\u00e4n joko rallicross-radalla tai suljetulla tieosuudella, l\u00e4ht\u00f6kohtaisesti Etel\u00e4-Suomen alueella. Ensisijaisesti kyyditykset j\u00e4rjestet\u00e4\u00e4n kaveriporukoille tai yrityksille. Ota yhteytt\u00e4, niin r\u00e4\u00e4t\u00e4l\u00f6imme teille sopivan paketin!&#8230;<\/p>\n","protected":false},"author":1,"featured_media":0,"parent":0,"menu_order":0,"comment_status":"closed","ping_status":"closed","template":"","meta":{"footnotes":""},"class_list":["post-301","page","type-page","status-publish","hentry"],"_links":{"self":[{"href":"https:\/\/www.eskokytomaki.fi\/index.php?rest_route=\/wp\/v2\/pages\/301","targetHints":{"allow":["GET"]}}],"collection":[{"href":"https:\/\/www.eskokytomaki.fi\/index.php?rest_route=\/wp\/v2\/pages"}],"about":[{"href":"https:\/\/www.eskokytomaki.fi\/index.php?rest_route=\/wp\/v2\/types\/page"}],"author":[{"embeddable":true,"href":"https:\/\/www.eskokytomaki.fi\/index.php?rest_route=\/wp\/v2\/users\/1"}],"replies":[{"embeddable":true,"href":"https:\/\/www.eskokytomaki.fi\/index.php?rest_route=%2Fwp%2Fv2%2Fcomments&post=301"}],"version-history":[{"count":13,"href":"https:\/\/www.eskokytomaki.fi\/index.php?rest_route=\/wp\/v2\/pages\/301\/revisions"}],"predecessor-version":[{"id":875,"href":"https:\/\/www.eskokytomaki.fi\/index.php?rest_route=\/wp\/v2\/pages\/301\/revisions\/875"}],"wp:attachment":[{"href":"https:\/\/www.eskokytomaki.fi\/index.php?rest_route=%2Fwp%2Fv2%2Fmedia&parent=301"}],"curies":[{"name":"wp","href":"https:\/\/api.w.org\/{rel}","templated":true}]}}